
{"id":34,"date":"2020-02-24T09:15:32","date_gmt":"2020-02-24T09:15:32","guid":{"rendered":"https:\/\/sfhd.ekyss-campus.fr\/?page_id=34"},"modified":"2022-01-13T15:23:46","modified_gmt":"2022-01-13T15:23:46","slug":"accueil","status":"publish","type":"page","link":"https:\/\/numerabilis.u-paris.fr\/partenaires\/sfhad\/","title":{"rendered":"Accueil"},"content":{"rendered":"<section class=\"wpb-content-wrapper\"><p>[vc_row full_width=\u00a0\u00bbstretch_row\u00a0\u00bb css=\u00a0\u00bb.vc_custom_1586183841190{background-color: #fff8eb !important;background-position: center !important;background-repeat: no-repeat !important;background-size: cover !important;}\u00a0\u00bb el_class=\u00a0\u00bbhome-top\u00a0\u00bb][vc_column css=\u00a0\u00bb.vc_custom_1584110275334{padding-top: 50px !important;}\u00a0\u00bb offset=\u00a0\u00bbvc_col-lg-8 vc_col-md-8&Prime;][vc_row_inner][vc_column_inner][vc_column_text css=\u00a0\u00bb.vc_custom_1603209641519{padding-top: 30px !important;}\u00a0\u00bb el_class=\u00a0\u00bbhome-bloc-top-1&Prime;]<\/p>\n<h1><span style=\"font-size: 23px;\">La SFHAD est une association de type \u00ab\u00a0Loi de 1901\u00a0\u00bb, cr\u00e9\u00e9e en 1949 et d\u00e9nomm\u00e9e Soci\u00e9t\u00e9 fran\u00e7aise d\u2019histoire de l\u2019art dentaire.<\/span><\/h1>\n<p>[\/vc_column_text][\/vc_column_inner][\/vc_row_inner][vc_row_inner][vc_column_inner width=\u00a0\u00bb1\/12&Prime;][\/vc_column_inner][vc_column_inner width=\u00a0\u00bb10\/12&Prime;][vc_column_text el_class=\u00a0\u00bbhome-bloc-top-2&Prime;]Elle a pour but d\u2019encourager l\u2019avancement et la divulgation des connaissances concernant l\u2019histoire de l\u2019art dentaire en recueillant la m\u00e9moire, les documents ainsi que les produits, les instruments, le mat\u00e9riel et le mobilier relatif \u00e0 l\u2019art dentaire.<\/p>\n<p>Un congr\u00e8s est organis\u00e9 chaque ann\u00e9e dans une ville diff\u00e9rente et des membres de la Soci\u00e9t\u00e9 participent \u00e0 d\u2019autres congr\u00e8s ou colloques fran\u00e7ais et \u00e9trangers[\/vc_column_text][vc_separator color=\u00a0\u00bbcustom\u00a0\u00bb align=\u00a0\u00bbalign_left\u00a0\u00bb border_width=\u00a0\u00bb5&Prime; el_width=\u00a0\u00bb10&Prime; accent_color=\u00a0\u00bb#004687&Prime;][\/vc_column_inner][vc_column_inner width=\u00a0\u00bb1\/12&Prime;][\/vc_column_inner][\/vc_row_inner][\/vc_column][vc_column width=\u00a0\u00bb1\/3&Prime; css=\u00a0\u00bb.vc_custom_1603209849447{margin-top: 0px !important;margin-right: 0px !important;margin-bottom: 0px !important;margin-left: 0px !important;}\u00a0\u00bb][vc_column_text]<img decoding=\"async\" loading=\"lazy\" class=\"wp-image-1296 size-full alignright\" src=\"https:\/\/numerabilis.u-paris.fr\/partenaires\/sfhad\/wp-content\/uploads\/2020\/04\/Pierre_Fauchard.png\" alt=\"\" width=\"350\" height=\"463\" srcset=\"https:\/\/numerabilis.u-paris.fr\/partenaires\/sfhad\/wp-content\/uploads\/2020\/04\/Pierre_Fauchard.png 350w, https:\/\/numerabilis.u-paris.fr\/partenaires\/sfhad\/wp-content\/uploads\/2020\/04\/Pierre_Fauchard-227x300.png 227w, https:\/\/numerabilis.u-paris.fr\/partenaires\/sfhad\/wp-content\/uploads\/2020\/04\/Pierre_Fauchard-300x397.png 300w\" sizes=\"(max-width: 350px) 100vw, 350px\" \/>[\/vc_column_text][\/vc_column][\/vc_row][vc_row full_width=\u00a0\u00bbstretch_row\u00a0\u00bb css=\u00a0\u00bb.vc_custom_1603209992476{margin-top: -20px !important;background-color: #fff8eb !important;}\u00a0\u00bb][vc_column width=\u00a0\u00bb1\/3&Prime; css=\u00a0\u00bb.vc_custom_1642071406588{margin-top: 100px !important;}\u00a0\u00bb][vc_single_image image=\u00a0\u00bb5796&Prime; img_size=\u00a0\u00bbfull\u00a0\u00bb onclick=\u00a0\u00bbcustom_link\u00a0\u00bb img_link_target=\u00a0\u00bb_blank\u00a0\u00bb link=\u00a0\u00bbhttps:\/\/www.biusante.parisdescartes.fr\/mvad\/debut.php\u00a0\u00bb][\/vc_column][vc_column width=\u00a0\u00bb2\/3&Prime;][vc_column_text]<\/p>\n<p style=\"text-align: right;\">Pierre FAUCHARD (1679-1761),<br \/>\nFrontispice de son ouvrage Le Chirurgien dentiste ou trait\u00e9 des dents.<br \/>\nParis : chez l&rsquo;auteur et chez P.-J. Mariette, 1728 &#8211; Collection BIUM 2102[\/vc_column_text][vc_column_text]<\/p>\n<figure id=\"attachment_5828\" aria-describedby=\"caption-attachment-5828\" style=\"width: 450px\" class=\"wp-caption aligncenter\"><a href=\"https:\/\/www.biusante.parisdescartes.fr\/fauchard\/debut.htm\" target=\"_blank\" rel=\"noopener\"><img decoding=\"async\" loading=\"lazy\" class=\"wp-image-5828\" src=\"https:\/\/numerabilis.u-paris.fr\/partenaires\/sfhad\/wp-content\/uploads\/2022\/01\/fauchard-300x209.jpg\" alt=\"\" width=\"450\" height=\"313\" srcset=\"https:\/\/numerabilis.u-paris.fr\/partenaires\/sfhad\/wp-content\/uploads\/2022\/01\/fauchard-300x209.jpg 300w, https:\/\/numerabilis.u-paris.fr\/partenaires\/sfhad\/wp-content\/uploads\/2022\/01\/fauchard.jpg 585w\" sizes=\"(max-width: 450px) 100vw, 450px\" \/><\/a><figcaption id=\"caption-attachment-5828\" class=\"wp-caption-text\"><a href=\"https:\/\/www.biusante.parisdescartes.fr\/fauchard\/debut.htm\" target=\"_blank\" rel=\"noopener\">A l&rsquo;occasion du 250e anniversaire de la mort de Pierre Fauchard, la BIU Sant\u00e9 a mis en ligne une exposition virtuelle r\u00e9alis\u00e9e avec le concours de la SFHAD<\/a><\/figcaption><\/figure>\n<p>[\/vc_column_text][\/vc_column][\/vc_row][vc_row equal_height=\u00a0\u00bbyes\u00a0\u00bb content_placement=\u00a0\u00bbtop\u00a0\u00bb css=\u00a0\u00bb.vc_custom_1583281047681{margin-bottom: 30px !important;}\u00a0\u00bb][vc_column width=\u00a0\u00bb1\/3&Prime;][vc_row_inner][vc_column_inner][vc_column_text el_class=\u00a0\u00bbbloc-btn-bleu\u00a0\u00bb]<a href=\"https:\/\/numerabilis.u-paris.fr\/partenaires\/sfhad\/category\/actualites\/\">Actualit\u00e9s<\/a><\/p>\n<p><a href=\"https:\/\/numerabilis.u-paris.fr\/partenaires\/sfhad\/situation-de-lenseignement-dhistoire-de-lodontologie-en-europe-et-dans-dautres-pays\/\">Enseignements<\/a><\/p>\n<p><a href=\"https:\/\/numerabilis.u-paris.fr\/partenaires\/sfhad\/actes-de-la-sfhad\/\">Actes<\/a>[\/vc_column_text][\/vc_column_inner][\/vc_row_inner][\/vc_column][\/vc_row]<\/p>\n<\/section>","protected":false},"excerpt":{"rendered":"<p>[vc_row full_width=\u00a0\u00bbstretch_row\u00a0\u00bb css=\u00a0\u00bb.vc_custom_1586183841190{background-color: #fff8eb !important;background-position: center !important;background-repeat: no-repeat !important;background-size: cover !important;}\u00a0\u00bb el_class=\u00a0\u00bbhome-top\u00a0\u00bb][vc_column css=\u00a0\u00bb.vc_custom_1584110275334{padding-top: 50px !important;}\u00a0\u00bb offset=\u00a0\u00bbvc_col-lg-8 vc_col-md-8&Prime;][vc_row_inner][vc_column_inner][vc_column_text css=\u00a0\u00bb.vc_custom_1603209641519{padding-top: 30px !important;}\u00a0\u00bb el_class=\u00a0\u00bbhome-bloc-top-1&Prime;] La SFHAD est une association de type \u00ab\u00a0Loi de 1901\u00a0\u00bb, cr\u00e9\u00e9e en 1949 et d\u00e9nomm\u00e9e Soci\u00e9t\u00e9 fran\u00e7aise d\u2019histoire de l\u2019art dentaire. [\/vc_column_text][\/vc_column_inner][\/vc_row_inner][vc_row_inner][vc_column_inner width=\u00a0\u00bb1\/12&Prime;][\/vc_column_inner][vc_column_inner width=\u00a0\u00bb10\/12&Prime;][vc_column_text el_class=\u00a0\u00bbhome-bloc-top-2&Prime;]Elle a pour but d\u2019encourager l\u2019avancement et la divulgation des &hellip; <a href=\"https:\/\/numerabilis.u-paris.fr\/partenaires\/sfhad\/\">Continued<\/a><\/p>\n","protected":false},"author":1,"featured_media":0,"parent":0,"menu_order":0,"comment_status":"closed","ping_status":"closed","template":"views\/page-home.blade.php","meta":{"_links_to":"","_links_to_target":""},"wps_subtitle":"","_links":{"self":[{"href":"https:\/\/numerabilis.u-paris.fr\/partenaires\/sfhad\/wp-json\/wp\/v2\/pages\/34"}],"collection":[{"href":"https:\/\/numerabilis.u-paris.fr\/partenaires\/sfhad\/wp-json\/wp\/v2\/pages"}],"about":[{"href":"https:\/\/numerabilis.u-paris.fr\/partenaires\/sfhad\/wp-json\/wp\/v2\/types\/page"}],"author":[{"embeddable":true,"href":"https:\/\/numerabilis.u-paris.fr\/partenaires\/sfhad\/wp-json\/wp\/v2\/users\/1"}],"replies":[{"embeddable":true,"href":"https:\/\/numerabilis.u-paris.fr\/partenaires\/sfhad\/wp-json\/wp\/v2\/comments?post=34"}],"version-history":[{"count":24,"href":"https:\/\/numerabilis.u-paris.fr\/partenaires\/sfhad\/wp-json\/wp\/v2\/pages\/34\/revisions"}],"predecessor-version":[{"id":7149,"href":"https:\/\/numerabilis.u-paris.fr\/partenaires\/sfhad\/wp-json\/wp\/v2\/pages\/34\/revisions\/7149"}],"wp:attachment":[{"href":"https:\/\/numerabilis.u-paris.fr\/partenaires\/sfhad\/wp-json\/wp\/v2\/media?parent=34"}],"curies":[{"name":"wp","href":"https:\/\/api.w.org\/{rel}","templated":true}]}}